{"id":47,"date":"2021-04-08T20:42:44","date_gmt":"2021-04-08T20:42:44","guid":{"rendered":"https:\/\/cse-solution.com\/?page_id=47"},"modified":"2025-05-07T11:27:59","modified_gmt":"2025-05-07T11:27:59","slug":"ueber-uns","status":"publish","type":"page","link":"https:\/\/cse-solution.com\/en\/ueber-uns\/","title":{"rendered":"About us"},"content":{"rendered":"<p>[et_pb_section fb_built=&#8220;1&#8243; _builder_version=&#8220;4.16&#8243; custom_padding=&#8220;80px||80px||true|false&#8220; global_colors_info=&#8220;{}&#8220;][et_pb_row column_structure=&#8220;1_2,1_2&#8243; use_custom_gutter=&#8220;on&#8220; make_equal=&#8220;on&#8220; _builder_version=&#8220;4.16&#8243; width_tablet=&#8220;90%&#8220; width_phone=&#8220;90%&#8220; width_last_edited=&#8220;off|tablet&#8220; max_width_tablet=&#8220;90%&#8220; max_width_phone=&#8220;90%&#8220; max_width_last_edited=&#8220;off|tablet&#8220; custom_padding=&#8220;||7px|||&#8220; global_colors_info=&#8220;{}&#8220;][et_pb_column type=&#8220;1_2&#8243; _builder_version=&#8220;4.16&#8243; global_colors_info=&#8220;{}&#8220;][et_pb_image src=&#8220;https:\/\/cse-solution.com\/wp-content\/uploads\/2021\/05\/ueber_uns_cse_solution_-Kopie.jpg&#8220; title_text=&#8220;CSE-Solution Ingenieurb\u00fcro Fertigung Projektmanagement Managementsystem Arbeitssicherheit Schulungen Qualit\u00e4tsmanagement Ekrem Akar Ingenieur dattelnueber_uns_cse_solution_ Kopie&#8220; _builder_version=&#8220;4.16&#8243; animation_direction=&#8220;left&#8220; border_width_all=&#8220;1px&#8220; border_color_all=&#8220;#005983&#8243; global_colors_info=&#8220;{}&#8220;][\/et_pb_image][et_pb_text disabled_on=&#8220;off|off|off&#8220; _builder_version=&#8220;4.16&#8243; text_font=&#8220;Poppins|600|||||||&#8220; text_text_color=&#8220;#ffffff&#8220; text_font_size=&#8220;15px&#8220; text_line_height=&#8220;1.8em&#8220; header_font=&#8220;Rajdhani||||||||&#8220; background_color=&#8220;#383838&#8243; background_image=&#8220;https:\/\/cse-solution.com\/wp-content\/uploads\/2021\/04\/CSE-Logo_2_heller-scaled.jpg&#8220; z_index=&#8220;99999&#8243; text_orientation=&#8220;center&#8220; max_width=&#8220;147px&#8220; custom_margin=&#8220;-144%|||-70px|false|false&#8220; custom_margin_tablet=&#8220;-121%|||-21px|false|false&#8220; custom_margin_phone=&#8220;-161%|||-26px|false|false&#8220; custom_margin_last_edited=&#8220;on|phone&#8220; custom_padding=&#8220;21px||21px||true|false&#8220; animation_direction=&#8220;right&#8220; filter_opacity_tablet=&#8220;0%&#8220; filter_opacity_phone=&#8220;0%&#8220; filter_opacity_last_edited=&#8220;off|tablet&#8220; border_radii=&#8220;on|1000px|1000px|1000px|1000px&#8220; border_width_all=&#8220;1px&#8220; border_color_all=&#8220;#005983&#8243; text_text_align=&#8220;center&#8220; global_colors_info=&#8220;{}&#8220;]<\/p>\n<p>&nbsp;<\/p>\n<p>&nbsp;<\/p>\n<p>&nbsp;<\/p>\n<p>[\/et_pb_text][et_pb_image src=&#8220;https:\/\/cse-solution.com\/wp-content\/uploads\/2021\/05\/Logo_cse_2_8_Platzhalter_2.jpg&#8220; title_text=&#8220;Logo_cse_2_8_Platzhalter_2&#8243; _builder_version=&#8220;4.16&#8243; max_width=&#8220;80%&#8220; max_width_tablet=&#8220;60%&#8220; max_width_phone=&#8220;76%&#8220; max_width_last_edited=&#8220;on|desktop&#8220; custom_margin=&#8220;57%||||false|false&#8220; custom_margin_tablet=&#8220;60%||||false|false&#8220; custom_margin_phone=&#8220;42%||||false|false&#8220; custom_margin_last_edited=&#8220;on|tablet&#8220; filter_opacity=&#8220;0%&#8220; animation_direction=&#8220;bottom&#8220; border_width_all=&#8220;1px&#8220; border_color_all=&#8220;#005983&#8243; global_colors_info=&#8220;{}&#8220;][\/et_pb_image][\/et_pb_column][et_pb_column type=&#8220;1_2&#8243; _builder_version=&#8220;4.16&#8243; global_colors_info=&#8220;{}&#8220;][et_pb_text _builder_version=&#8220;4.16&#8243; text_font=&#8220;Rajdhani|600|||||||&#8220; text_text_color=&#8220;#999999&#8243; text_letter_spacing=&#8220;2px&#8220; text_line_height=&#8220;1.2em&#8220; custom_margin=&#8220;36px||||false|false&#8220; text_text_align=&#8220;left&#8220; locked=&#8220;off&#8220; global_colors_info=&#8220;{}&#8220;]<\/p>\n<p>INGENIEURB\u00dcRO<\/p>\n<p>[\/et_pb_text][et_pb_divider color=&#8220;#147194&#8243; divider_weight=&#8220;2px&#8220; _builder_version=&#8220;4.16&#8243; max_width=&#8220;117px&#8220; custom_margin=&#8220;-22px||||false|false&#8220; custom_margin_tablet=&#8220;-28px||&#8220; custom_margin_phone=&#8220;-26px||&#8220; custom_margin_last_edited=&#8220;on|desktop&#8220; global_colors_info=&#8220;{}&#8220;][\/et_pb_divider][et_pb_text _builder_version=&#8220;4.16&#8243; header_font=&#8220;Rajdhani|700|||||||&#8220; header_text_align=&#8220;left&#8220; header_text_color=&#8220;#005983&#8243; header_font_size=&#8220;40px&#8220; header_line_height=&#8220;1.2em&#8220; custom_margin=&#8220;-47px||||false|false&#8220; custom_margin_tablet=&#8220;-28px||&#8220; custom_margin_phone=&#8220;-43px||||false|false&#8220; custom_margin_last_edited=&#8220;on|desktop&#8220; header_font_size_tablet=&#8220;&#8220; header_font_size_phone=&#8220;25px&#8220; header_font_size_last_edited=&#8220;on|desktop&#8220; global_colors_info=&#8220;{}&#8220;]<\/p>\n<h1>CSE-SOLUTION<\/h1>\n<p>[\/et_pb_text][et_pb_text _builder_version=&#8220;4.16&#8243; text_font=&#8220;Rajdhani|500|||||||&#8220; text_text_color=&#8220;#303030&#8243; text_font_size=&#8220;18px&#8220; text_line_height=&#8220;1.8em&#8220; custom_margin=&#8220;-12px||19px||false|false&#8220; custom_padding=&#8220;0px||9px||false|false&#8220; global_colors_info=&#8220;{}&#8220;]<\/p>\n<p><span>Das Ingenieurb\u00fcro CSE-SOLUTION erbringt Ingenieurleistungen zur Pr\u00fcfung, Planung, Verwaltung und Bau\u00fcberwachung von Ingenieurbauwerken, Industriemontagen und vielen weiteren Bereichen.<\/span><\/p>\n<p>[\/et_pb_text][et_pb_text _builder_version=&#8220;4.16&#8243; text_font=&#8220;Rajdhani|500|||||||&#8220; text_text_color=&#8220;#005983&#8243; text_font_size=&#8220;20px&#8220; text_line_height=&#8220;1.5em&#8220; header_font=&#8220;Rajdhani||||||||&#8220; custom_padding=&#8220;13px||15px|||&#8220; global_colors_info=&#8220;{}&#8220;]<\/p>\n<p><strong>CSE<\/strong>-SOLUTION steht f\u00fcr <strong>C<\/strong>ONSULTING <strong>S<\/strong>AFETY <strong>E<\/strong>NGINEERING SOLUTION &#8211; Beratung und L\u00f6sungsfindung f\u00fcr die Bereiche der Wissenschaft und des Ingenieurwesens.<span class=\"Y2IQFc\" lang=\"de\"><\/span><\/p>\n<div style=\"all: initial;\" class=\"notranslate\"><\/div>\n<p>[\/et_pb_text][et_pb_blurb title=&#8220;TELEFON&#8220; use_icon=&#8220;on&#8220; font_icon=&#8220;&#xe090;||divi||400&#8243; icon_color=&#8220;#005983&#8243; icon_placement=&#8220;left&#8220; image_icon_width=&#8220;57px&#8220; content_max_width=&#8220;100%&#8220; image_icon_width_tablet=&#8220;57px&#8220; image_icon_width_phone=&#8220;57px&#8220; image_icon_width_last_edited=&#8220;on|desktop&#8220; _builder_version=&#8220;4.27.4&#8243; header_font=&#8220;Rajdhani|500|||||||&#8220; header_text_color=&#8220;#005983&#8243; header_font_size=&#8220;20px&#8220; header_line_height=&#8220;1.2em&#8220; body_font=&#8220;Rajdhani|700|||||||&#8220; body_text_color=&#8220;#005983&#8243; body_font_size=&#8220;30px&#8220; body_line_height=&#8220;1.2em&#8220; background_color_gradient_direction=&#8220;90deg&#8220; custom_margin=&#8220;40px||&#8220; custom_padding=&#8220;59px|26px|59px|40px|true|&#8220; custom_padding_tablet=&#8220;&#8220; custom_padding_phone=&#8220;|20px||20px||true&#8220; custom_padding_last_edited=&#8220;on|desktop&#8220; animation=&#8220;off&#8220; link_option_url=&#8220;#&#8220; header_font_size_tablet=&#8220;&#8220; header_font_size_phone=&#8220;17px&#8220; header_font_size_last_edited=&#8220;on|desktop&#8220; header_line_height_tablet=&#8220;&#8220; header_line_height_phone=&#8220;1em&#8220; header_line_height_last_edited=&#8220;on|phone&#8220; body_font_size_tablet=&#8220;&#8220; body_font_size_phone=&#8220;26px&#8220; body_font_size_last_edited=&#8220;on|desktop&#8220; background_last_edited=&#8220;on|desktop&#8220; background_color_gradient_stops_tablet=&#8220;#2b87da 20%|#29c4a9 100%&#8220; background_color_gradient_stops_phone=&#8220;#2b87da 22%|#29c4a9 100%&#8220; background_color_gradient_start_position_tablet=&#8220;20%&#8220; background_color_gradient_start_position_phone=&#8220;22%&#8220; border_width_all=&#8220;2px&#8220; border_color_all=&#8220;#005983&#8243; border_width_right_image=&#8220;55px&#8220; border_color_right_image=&#8220;rgba(0,0,0,0)&#8220; border_width_right_image_tablet=&#8220;&#8220; border_width_right_image_phone=&#8220;6px&#8220; border_width_right_image_last_edited=&#8220;on|desktop&#8220; icon_font_size=&#8220;57px&#8220; image_max_width_tablet=&#8220;&#8220; image_max_width_phone=&#8220;50px&#8220; image_max_width_last_edited=&#8220;on|desktop&#8220; global_colors_info=&#8220;{}&#8220; background__hover_enabled=&#8220;off&#8220; background_color_gradient_end__hover=&#8220;#FFAA01&#8243; header_text_color__hover_enabled=&#8220;off&#8220; header_text_color__hover=&#8220;#ffffff&#8220; background_color_gradient_stops__hover=&#8220;#2b87da 0%|#FFAA01 100%&#8220;]<\/p>\n<p>+49 2363 4660157<\/p>\n<p>[\/et_pb_blurb][\/et_pb_column][\/et_pb_row][\/et_pb_section][et_pb_section fb_built=&#8220;1&#8243; _builder_version=&#8220;4.16&#8243; background_color=&#8220;#ffffff&#8220; custom_padding=&#8220;28px||10px||false|false&#8220; locked=&#8220;off&#8220; global_colors_info=&#8220;{}&#8220;][et_pb_row _builder_version=&#8220;4.16&#8243; custom_padding=&#8220;2px|||||&#8220; global_colors_info=&#8220;{}&#8220;][et_pb_column type=&#8220;4_4&#8243; _builder_version=&#8220;4.16&#8243; global_colors_info=&#8220;{}&#8220;][et_pb_divider _builder_version=&#8220;4.16&#8243; global_colors_info=&#8220;{}&#8220;][\/et_pb_divider][\/et_pb_column][\/et_pb_row][et_pb_row use_custom_gutter=&#8220;on&#8220; gutter_width=&#8220;2&#8243; make_equal=&#8220;on&#8220; _builder_version=&#8220;4.16&#8243; width=&#8220;90%&#8220; max_width=&#8220;1170px&#8220; max_width_tablet=&#8220;90%&#8220; max_width_phone=&#8220;90%&#8220; max_width_last_edited=&#8220;on|desktop&#8220; custom_margin=&#8220;-25px|auto||auto||&#8220; custom_padding=&#8220;13px||15px||false|false&#8220; global_colors_info=&#8220;{}&#8220;][et_pb_column type=&#8220;4_4&#8243; _builder_version=&#8220;4.16&#8243; global_colors_info=&#8220;{}&#8220;][et_pb_image src=&#8220;https:\/\/cse-solution.com\/wp-content\/uploads\/2021\/04\/Logo_cse_2_5.png&#8220; title_text=&#8220;Logo_cse_2_5&#8243; url=&#8220;#&#8220; align=&#8220;center&#8220; align_tablet=&#8220;left&#8220; align_phone=&#8220;left&#8220; align_last_edited=&#8220;on|phone&#8220; _builder_version=&#8220;4.16&#8243; max_width=&#8220;110px&#8220; module_alignment=&#8220;center&#8220; animation_style=&#8220;zoom&#8220; animation_duration=&#8220;1350ms&#8220; module_alignment_tablet=&#8220;left&#8220; module_alignment_phone=&#8220;left&#8220; module_alignment_last_edited=&#8220;on|phone&#8220; global_colors_info=&#8220;{}&#8220;][\/et_pb_image][\/et_pb_column][\/et_pb_row][et_pb_row column_structure=&#8220;1_3,1_3,1_3&#8243; use_custom_gutter=&#8220;on&#8220; gutter_width=&#8220;2&#8243; make_equal=&#8220;on&#8220; custom_padding_last_edited=&#8220;on|phone&#8220; _builder_version=&#8220;4.16&#8243; width=&#8220;100%&#8220; max_width=&#8220;900px&#8220; max_width_tablet=&#8220;90%&#8220; max_width_phone=&#8220;90%&#8220; max_width_last_edited=&#8220;on|desktop&#8220; custom_padding=&#8220;28px||13px||false|false&#8220; custom_padding_tablet=&#8220;57px||44px||false|false&#8220; custom_padding_phone=&#8220;49px||39px||false|false&#8220; global_colors_info=&#8220;{}&#8220;][et_pb_column type=&#8220;1_3&#8243; _builder_version=&#8220;4.16&#8243; global_colors_info=&#8220;{}&#8220;][et_pb_blurb title=&#8220;+49 2363 4660157&#8243; use_icon=&#8220;on&#8220; font_icon=&#8220;&#xe00b;||divi||400&#8243; icon_color=&#8220;#005983&#8243; icon_placement=&#8220;left&#8220; content_max_width=&#8220;100%&#8220; _builder_version=&#8220;4.27.4&#8243; header_font=&#8220;ABeeZee|700|||||||&#8220; header_text_align=&#8220;left&#8220; header_text_color=&#8220;#005983&#8243; header_font_size=&#8220;14px&#8220; header_line_height=&#8220;2.4em&#8220; custom_margin=&#8220;|||51px|false|false&#8220; custom_margin_tablet=&#8220;|||0px|false|false&#8220; custom_margin_phone=&#8220;|||0px|false|false&#8220; custom_margin_last_edited=&#8220;on|phone&#8220; animation=&#8220;off&#8220; border_width_right_image=&#8220;15px&#8220; border_color_right_image=&#8220;rgba(0,0,0,0)&#8220; global_colors_info=&#8220;{}&#8220;][\/et_pb_blurb][\/et_pb_column][et_pb_column type=&#8220;1_3&#8243; _builder_version=&#8220;4.16&#8243; global_colors_info=&#8220;{}&#8220;][et_pb_blurb title=&#8220;info@cse-solution.com&#8220; url=&#8220;http:\/\/demo@divi.express&#8220; use_icon=&#8220;on&#8220; font_icon=&#8220;&#xe010;||divi||400&#8243; icon_color=&#8220;#005983&#8243; icon_placement=&#8220;left&#8220; content_max_width=&#8220;100%&#8220; _builder_version=&#8220;4.16&#8243; header_font=&#8220;ABeeZee|700|||||||&#8220; header_text_align=&#8220;left&#8220; header_text_color=&#8220;#005983&#8243; header_font_size=&#8220;14px&#8220; header_line_height=&#8220;2.4em&#8220; custom_margin=&#8220;|||51px|false|false&#8220; custom_margin_tablet=&#8220;|||0px|false|false&#8220; custom_margin_phone=&#8220;|||0px|false|false&#8220; custom_margin_last_edited=&#8220;on|phone&#8220; animation=&#8220;off&#8220; border_width_right_image=&#8220;15px&#8220; border_color_right_image=&#8220;rgba(0,0,0,0)&#8220; global_colors_info=&#8220;{}&#8220;][\/et_pb_blurb][\/et_pb_column][et_pb_column type=&#8220;1_3&#8243; _builder_version=&#8220;4.16&#8243; global_colors_info=&#8220;{}&#8220;][et_pb_blurb title=&#8220;Castroper Stra\u00dfe 347, 45711 Datteln&#8220; use_icon=&#8220;on&#8220; font_icon=&#8220;&#xe01d;||divi||400&#8243; icon_color=&#8220;#005983&#8243; icon_placement=&#8220;left&#8220; content_max_width=&#8220;100%&#8220; _builder_version=&#8220;4.16&#8243; header_font=&#8220;ABeeZee|700|||||||&#8220; header_text_align=&#8220;left&#8220; header_text_color=&#8220;#005983&#8243; header_font_size=&#8220;14px&#8220; header_line_height=&#8220;2.4em&#8220; custom_margin=&#8220;|||51px|false|false&#8220; custom_margin_tablet=&#8220;|||0px|false|false&#8220; custom_margin_phone=&#8220;|||0px|false|false&#8220; custom_margin_last_edited=&#8220;on|phone&#8220; animation=&#8220;off&#8220; border_width_right_image=&#8220;15px&#8220; border_color_right_image=&#8220;rgba(0,0,0,0)&#8220; global_colors_info=&#8220;{}&#8220;][\/et_pb_blurb][\/et_pb_column][\/et_pb_row][et_pb_row use_custom_gutter=&#8220;on&#8220; gutter_width=&#8220;2&#8243; make_equal=&#8220;on&#8220; _builder_version=&#8220;4.16&#8243; width=&#8220;90%&#8220; max_width=&#8220;1170px&#8220; max_width_tablet=&#8220;90%&#8220; max_width_phone=&#8220;90%&#8220; max_width_last_edited=&#8220;on|desktop&#8220; custom_margin=&#8220;-2px|auto||auto||&#8220; custom_padding=&#8220;13px||2px||false|false&#8220; border_width_top=&#8220;1px&#8220; border_color_top=&#8220;rgba(255,255,255,0.3)&#8220; global_colors_info=&#8220;{}&#8220;][et_pb_column type=&#8220;4_4&#8243; _builder_version=&#8220;4.16&#8243; z_index=&#8220;999&#8243; global_colors_info=&#8220;{}&#8220;][et_pb_text _builder_version=&#8220;4.27.4&#8243; text_font=&#8220;ABeeZee||||||||&#8220; text_text_color=&#8220;#005983&#8243; text_font_size=&#8220;11px&#8220; text_line_height=&#8220;0.9em&#8220; text_orientation=&#8220;right&#8220; min_height=&#8220;35.9px&#8220; custom_margin=&#8220;9px||||false|false&#8220; custom_margin_tablet=&#8220;-20px||||false|false&#8220; custom_margin_phone=&#8220;-20px||||false|false&#8220; custom_margin_last_edited=&#8220;on|phone&#8220; custom_padding=&#8220;14px||0px|||&#8220; text_line_height_tablet=&#8220;&#8220; text_line_height_phone=&#8220;1.3em&#8220; text_line_height_last_edited=&#8220;on|desktop&#8220; text_orientation_tablet=&#8220;center&#8220; text_orientation_phone=&#8220;center&#8220; text_orientation_last_edited=&#8220;on|phone&#8220; global_colors_info=&#8220;{}&#8220; text_line_height__hover_enabled=&#8220;off|desktop&#8220;]<\/p>\n<p>\u00a9 2025 cse-solution.com Alle Rechte vorbehalten.<\/p>\n<p>[\/et_pb_text][\/et_pb_column][\/et_pb_row][\/et_pb_section]<\/p>\n","protected":false},"excerpt":{"rendered":"<p>&nbsp; &nbsp; &nbsp;INGENIEURB\u00dcROCSE-SOLUTIONDas Ingenieurb\u00fcro CSE-SOLUTION erbringt Ingenieurleistungen zur Pr\u00fcfung, Planung, Verwaltung und Bau\u00fcberwachung von Ingenieurbauwerken, Industriemontagen und vielen weiteren Bereichen.CSE-SOLUTION steht f\u00fcr CONSULTING SAFETY ENGINEERING SOLUTION &#8211; Beratung und L\u00f6sungsfindung f\u00fcr die Bereiche der Wissenschaft und des Ingenieurwesens. +49 2363 4660157\u00a9 2025 cse-solution.com Alle Rechte vorbehalten.<\/p>","protected":false},"author":2,"featured_media":0,"parent":0,"menu_order":0,"comment_status":"closed","ping_status":"closed","template":"","meta":{"_seopress_robots_primary_cat":"","_seopress_titles_title":"","_seopress_titles_desc":"","_seopress_robots_index":"","_et_pb_use_builder":"on","_et_pb_old_content":"","_et_gb_content_width":"","footnotes":""},"class_list":["post-47","page","type-page","status-publish","hentry"],"yoast_head":"<!-- This site is optimized with the Yoast SEO plugin v26.8 - https:\/\/yoast.com\/product\/yoast-seo-wordpress\/ -->\n<title>\u00dcber uns - CSE-Solution<\/title>\n<meta name=\"robots\" content=\"index, follow, max-snippet:-1, max-image-preview:large, max-video-preview:-1\" \/>\n<link rel=\"canonical\" href=\"https:\/\/cse-solution.com\/en\/ueber-uns\/\" \/>\n<meta property=\"og:locale\" content=\"en_US\" \/>\n<meta property=\"og:type\" content=\"article\" \/>\n<meta property=\"og:title\" content=\"\u00dcber uns - CSE-Solution\" \/>\n<meta property=\"og:description\" content=\"&nbsp; &nbsp; &nbsp;INGENIEURB\u00dcROCSE-SOLUTIONDas Ingenieurb\u00fcro CSE-SOLUTION erbringt Ingenieurleistungen zur Pr\u00fcfung, Planung, Verwaltung und Bau\u00fcberwachung von Ingenieurbauwerken, Industriemontagen und vielen weiteren Bereichen.CSE-SOLUTION steht f\u00fcr CONSULTING SAFETY ENGINEERING SOLUTION - Beratung und L\u00f6sungsfindung f\u00fcr die Bereiche der Wissenschaft und des Ingenieurwesens. +49 2363 4660157\u00a9 2025 cse-solution.com Alle Rechte vorbehalten.\" \/>\n<meta property=\"og:url\" content=\"https:\/\/cse-solution.com\/en\/ueber-uns\/\" \/>\n<meta property=\"og:site_name\" content=\"CSE-Solution\" \/>\n<meta property=\"article:modified_time\" content=\"2025-05-07T11:27:59+00:00\" \/>\n<meta name=\"twitter:card\" content=\"summary_large_image\" \/>\n<meta name=\"twitter:label1\" content=\"Est. reading time\" \/>\n\t<meta name=\"twitter:data1\" content=\"1 minute\" \/>\n<script type=\"application\/ld+json\" class=\"yoast-schema-graph\">{\"@context\":\"https:\/\/schema.org\",\"@graph\":[{\"@type\":\"WebPage\",\"@id\":\"https:\/\/cse-solution.com\/ueber-uns\/\",\"url\":\"https:\/\/cse-solution.com\/ueber-uns\/\",\"name\":\"\u00dcber uns - CSE-Solution\",\"isPartOf\":{\"@id\":\"https:\/\/cse-solution.com\/en\/#website\"},\"datePublished\":\"2021-04-08T20:42:44+00:00\",\"dateModified\":\"2025-05-07T11:27:59+00:00\",\"breadcrumb\":{\"@id\":\"https:\/\/cse-solution.com\/ueber-uns\/#breadcrumb\"},\"inLanguage\":\"en-US\",\"potentialAction\":[{\"@type\":\"ReadAction\",\"target\":[\"https:\/\/cse-solution.com\/ueber-uns\/\"]}]},{\"@type\":\"BreadcrumbList\",\"@id\":\"https:\/\/cse-solution.com\/ueber-uns\/#breadcrumb\",\"itemListElement\":[{\"@type\":\"ListItem\",\"position\":1,\"name\":\"Startseite\",\"item\":\"https:\/\/cse-solution.com\/\"},{\"@type\":\"ListItem\",\"position\":2,\"name\":\"\u00dcber uns\"}]},{\"@type\":\"WebSite\",\"@id\":\"https:\/\/cse-solution.com\/en\/#website\",\"url\":\"https:\/\/cse-solution.com\/en\/\",\"name\":\"CSE-Solution\",\"description\":\"Ingenieurb\u00fcro\",\"potentialAction\":[{\"@type\":\"SearchAction\",\"target\":{\"@type\":\"EntryPoint\",\"urlTemplate\":\"https:\/\/cse-solution.com\/en\/?s={search_term_string}\"},\"query-input\":{\"@type\":\"PropertyValueSpecification\",\"valueRequired\":true,\"valueName\":\"search_term_string\"}}],\"inLanguage\":\"en-US\"}]}<\/script>\n<!-- \/ Yoast SEO plugin. -->","yoast_head_json":{"title":"\u00dcber uns - CSE-Solution","robots":{"index":"index","follow":"follow","max-snippet":"max-snippet:-1","max-image-preview":"max-image-preview:large","max-video-preview":"max-video-preview:-1"},"canonical":"https:\/\/cse-solution.com\/en\/ueber-uns\/","og_locale":"en_US","og_type":"article","og_title":"\u00dcber uns - CSE-Solution","og_description":"&nbsp; &nbsp; &nbsp;INGENIEURB\u00dcROCSE-SOLUTIONDas Ingenieurb\u00fcro CSE-SOLUTION erbringt Ingenieurleistungen zur Pr\u00fcfung, Planung, Verwaltung und Bau\u00fcberwachung von Ingenieurbauwerken, Industriemontagen und vielen weiteren Bereichen.CSE-SOLUTION steht f\u00fcr CONSULTING SAFETY ENGINEERING SOLUTION - Beratung und L\u00f6sungsfindung f\u00fcr die Bereiche der Wissenschaft und des Ingenieurwesens. +49 2363 4660157\u00a9 2025 cse-solution.com Alle Rechte vorbehalten.","og_url":"https:\/\/cse-solution.com\/en\/ueber-uns\/","og_site_name":"CSE-Solution","article_modified_time":"2025-05-07T11:27:59+00:00","twitter_card":"summary_large_image","twitter_misc":{"Est. reading time":"1 minute"},"schema":{"@context":"https:\/\/schema.org","@graph":[{"@type":"WebPage","@id":"https:\/\/cse-solution.com\/ueber-uns\/","url":"https:\/\/cse-solution.com\/ueber-uns\/","name":"\u00dcber uns - CSE-Solution","isPartOf":{"@id":"https:\/\/cse-solution.com\/en\/#website"},"datePublished":"2021-04-08T20:42:44+00:00","dateModified":"2025-05-07T11:27:59+00:00","breadcrumb":{"@id":"https:\/\/cse-solution.com\/ueber-uns\/#breadcrumb"},"inLanguage":"en-US","potentialAction":[{"@type":"ReadAction","target":["https:\/\/cse-solution.com\/ueber-uns\/"]}]},{"@type":"BreadcrumbList","@id":"https:\/\/cse-solution.com\/ueber-uns\/#breadcrumb","itemListElement":[{"@type":"ListItem","position":1,"name":"Startseite","item":"https:\/\/cse-solution.com\/"},{"@type":"ListItem","position":2,"name":"\u00dcber uns"}]},{"@type":"WebSite","@id":"https:\/\/cse-solution.com\/en\/#website","url":"https:\/\/cse-solution.com\/en\/","name":"CSE-Solution","description":"Ingenieurb\u00fcro","potentialAction":[{"@type":"SearchAction","target":{"@type":"EntryPoint","urlTemplate":"https:\/\/cse-solution.com\/en\/?s={search_term_string}"},"query-input":{"@type":"PropertyValueSpecification","valueRequired":true,"valueName":"search_term_string"}}],"inLanguage":"en-US"}]}},"_links":{"self":[{"href":"https:\/\/cse-solution.com\/en\/wp-json\/wp\/v2\/pages\/47","targetHints":{"allow":["GET"]}}],"collection":[{"href":"https:\/\/cse-solution.com\/en\/wp-json\/wp\/v2\/pages"}],"about":[{"href":"https:\/\/cse-solution.com\/en\/wp-json\/wp\/v2\/types\/page"}],"author":[{"embeddable":true,"href":"https:\/\/cse-solution.com\/en\/wp-json\/wp\/v2\/users\/2"}],"replies":[{"embeddable":true,"href":"https:\/\/cse-solution.com\/en\/wp-json\/wp\/v2\/comments?post=47"}],"version-history":[{"count":34,"href":"https:\/\/cse-solution.com\/en\/wp-json\/wp\/v2\/pages\/47\/revisions"}],"predecessor-version":[{"id":268811,"href":"https:\/\/cse-solution.com\/en\/wp-json\/wp\/v2\/pages\/47\/revisions\/268811"}],"wp:attachment":[{"href":"https:\/\/cse-solution.com\/en\/wp-json\/wp\/v2\/media?parent=47"}],"curies":[{"name":"wp","href":"https:\/\/api.w.org\/{rel}","templated":true}]}}